{"id":207,"date":"2020-08-08T12:50:30","date_gmt":"2020-08-08T12:50:30","guid":{"rendered":"http:\/\/wordpress.weaving.lu\/wordpress\/?page_id=207"},"modified":"2025-11-16T22:12:36","modified_gmt":"2025-11-16T22:12:36","slug":"homepage","status":"publish","type":"page","link":"https:\/\/wordpress.weaving.lu\/wordpress\/","title":{"rendered":"Accueil"},"content":{"rendered":"\t\t<div data-elementor-type=\"wp-page\" data-elementor-id=\"207\" class=\"elementor elementor-207\" data-elementor-post-type=\"page\">\n\t\t\t\t\t\t<section class=\"elementor-section elementor-top-section elementor-element elementor-element-01ec842 elementor-section-boxed elementor-section-height-default elementor-section-height-default\" data-id=\"01ec842\" data-element_type=\"section\">\n\t\t\t\t\t\t<div class=\"elementor-container elementor-column-gap-default\">\n\t\t\t\t\t<div class=\"elementor-column elementor-col-100 elementor-top-column elementor-element elementor-element-ebe8ea6\" data-id=\"ebe8ea6\" data-element_type=\"column\">\n\t\t\t<div class=\"elementor-widget-wrap elementor-element-populated\">\n\t\t\t\t\t\t<div class=\"elementor-element elementor-element-eff628f elementor-widget elementor-widget-spacer\" data-id=\"eff628f\" data-element_type=\"widget\" data-widget_type=\"spacer.default\">\n\t\t\t\t<div class=\"elementor-widget-container\">\n\t\t\t\t\t\t\t<div class=\"elementor-spacer\">\n\t\t\t<div class=\"elementor-spacer-inner\"><\/div>\n\t\t<\/div>\n\t\t\t\t\t\t<\/div>\n\t\t\t\t<\/div>\n\t\t\t\t\t<\/div>\n\t\t<\/div>\n\t\t\t\t\t<\/div>\n\t\t<\/section>\n\t\t\t\t<section class=\"elementor-section elementor-top-section elementor-element elementor-element-34e3657 elementor-section-boxed elementor-section-height-default elementor-section-height-default\" data-id=\"34e3657\" data-element_type=\"section\">\n\t\t\t\t\t\t<div class=\"elementor-container elementor-column-gap-default\">\n\t\t\t\t\t<div class=\"elementor-column elementor-col-50 elementor-top-column elementor-element elementor-element-ec9bee8\" data-id=\"ec9bee8\" data-element_type=\"column\">\n\t\t\t<div class=\"elementor-widget-wrap elementor-element-populated\">\n\t\t\t\t\t\t<div class=\"elementor-element elementor-element-b4f7437 elementor-widget elementor-widget-spacer\" data-id=\"b4f7437\" data-element_type=\"widget\" data-widget_type=\"spacer.default\">\n\t\t\t\t<div class=\"elementor-widget-container\">\n\t\t\t\t\t\t\t<div class=\"elementor-spacer\">\n\t\t\t<div class=\"elementor-spacer-inner\"><\/div>\n\t\t<\/div>\n\t\t\t\t\t\t<\/div>\n\t\t\t\t<\/div>\n\t\t\t\t<div class=\"elementor-element elementor-element-6e9b198 elementor-widget elementor-widget-image\" data-id=\"6e9b198\" data-element_type=\"widget\" data-widget_type=\"image.default\">\n\t\t\t\t<div class=\"elementor-widget-container\">\n\t\t\t\t\t\t\t\t\t\t\t\t\t\t\t<img fetchpriority=\"high\" decoding=\"async\" width=\"1375\" height=\"1920\" src=\"https:\/\/wordpress.weaving.lu\/wordpress\/wp-content\/uploads\/2025\/11\/portrait_Lily_Pit-Weisgerber_2025-copy-1-scaled.webp\" class=\"attachment-full size-full wp-image-1384\" alt=\"\" srcset=\"https:\/\/wordpress.weaving.lu\/wordpress\/wp-content\/uploads\/2025\/11\/portrait_Lily_Pit-Weisgerber_2025-copy-1-scaled.webp 1375w, https:\/\/wordpress.weaving.lu\/wordpress\/wp-content\/uploads\/2025\/11\/portrait_Lily_Pit-Weisgerber_2025-copy-1-215x300.webp 215w, https:\/\/wordpress.weaving.lu\/wordpress\/wp-content\/uploads\/2025\/11\/portrait_Lily_Pit-Weisgerber_2025-copy-1-733x1024.webp 733w, https:\/\/wordpress.weaving.lu\/wordpress\/wp-content\/uploads\/2025\/11\/portrait_Lily_Pit-Weisgerber_2025-copy-1-768x1073.webp 768w, https:\/\/wordpress.weaving.lu\/wordpress\/wp-content\/uploads\/2025\/11\/portrait_Lily_Pit-Weisgerber_2025-copy-1-1100x1536.webp 1100w, https:\/\/wordpress.weaving.lu\/wordpress\/wp-content\/uploads\/2025\/11\/portrait_Lily_Pit-Weisgerber_2025-copy-1-1466x2048.webp 1374w\" sizes=\"(max-width: 1375px) 100vw, 1375px\" \/>\t\t\t\t\t\t\t\t\t\t\t\t\t\t\t<\/div>\n\t\t\t\t<\/div>\n\t\t\t\t\t<\/div>\n\t\t<\/div>\n\t\t\t\t<div class=\"elementor-column elementor-col-50 elementor-top-column elementor-element elementor-element-da84c36\" data-id=\"da84c36\" data-element_type=\"column\">\n\t\t\t<div class=\"elementor-widget-wrap elementor-element-populated\">\n\t\t\t\t\t\t<div class=\"elementor-element elementor-element-80d60d5 elementor-widget elementor-widget-heading\" data-id=\"80d60d5\" data-element_type=\"widget\" data-widget_type=\"heading.default\">\n\t\t\t\t<div class=\"elementor-widget-container\">\n\t\t\t\t\t<h2 class=\"elementor-heading-title elementor-size-default\">Lily, Pit et l'aventure du tissage<\/h2>\t\t\t\t<\/div>\n\t\t\t\t<\/div>\n\t\t\t\t<div class=\"elementor-element elementor-element-5104a09 elementor-widget elementor-widget-text-editor\" data-id=\"5104a09\" data-element_type=\"widget\" data-widget_type=\"text-editor.default\">\n\t\t\t\t<div class=\"elementor-widget-container\">\n\t\t\t\t\t\t\t\t\t<p><span>Depuis plus de cinquante ans, l\u2019atelier de tissage de Lily Weisgerber-Peters est un lieu o\u00f9 la\u00a0tradition artisanale rencontre la cr\u00e9ativit\u00e9. N\u00e9e dans une famille de potiers, Lily a grandi\u00a0entour\u00e9e de l\u2019amour du travail manuel et de la beaut\u00e9 des mat\u00e9riaux naturels. C\u2019est dans les\u00a0ann\u00e9es 70 que Lily d\u00e9couvre sa v\u00e9ritable passion.\u00a0<\/span><\/p><p><span style=\"font-size: inherit;\">Elle commence son apprentissage du\u00a0tissage, d\u2019abord au Luxembourg, puis en Suisse, en Finlande et en Su\u00e8de, o\u00f9 elle affine son\u00a0savoir-faire aupr\u00e8s de ma\u00eetres tisserands, pour acqu\u00e9rir une ma\u00eetrise artisanale unique et\u00a0une habilet\u00e9 manuelle rare.<\/span><\/p><p>Fort de toute son exp\u00e9rience, Lily transforme sa passion en m\u00e9tier et installe son atelier\u00a0<span style=\"font-size: inherit;\">dans le village de Contern, situ\u00e9 \u00e0 un jet de pierre de la capitale du Grand-Duch\u00e9.<\/span><span style=\"font-size: inherit;\">Rapidement, son travail est reconnu et elle obtient le label Made in Luxembourg, une\u00a0<\/span><span style=\"font-size: inherit;\">cons\u00e9cration pour son engagement en faveur de l\u2019artisanat local. Mais Lily n\u2019est pas seule\u00a0<\/span><span style=\"font-size: inherit;\">dans cette aventure. Son mari, Pit Weisgerber, la soutient d\u00e8s le d\u00e9but, l\u2019aidant \u00e0 monter les\u00a0<\/span><span style=\"font-size: inherit;\">m\u00e9tiers \u00e0 tisser, organiser les ateliers et accueillir les visiteurs. Apr\u00e8s une carri\u00e8re dans\u00a0<\/span><span style=\"font-size: inherit;\">l\u2019informatique, Pit rejoint pleinement Lily dans l\u2019atelier, partageant avec elle la cr\u00e9ation de\u00a0<\/span><span style=\"font-size: inherit;\">pi\u00e8ces uniques, notamment gr\u00e2ce \u00e0 leur m\u00e9tier \u00e0 tisser num\u00e9rique Jacquard TC2, unique en\u00a0<\/span><span style=\"font-size: inherit;\">son genre dans la Grande R\u00e9gion.\u00a0<\/span><\/p><p>Ensemble, Lily et Pit forment un duo compl\u00e9mentaire, alliant cr\u00e9ativit\u00e9 et rigueur technique pour\u00a0<span style=\"font-size: inherit;\">faire de leur\u00a0<\/span><span style=\"font-size: inherit;\">atelier un lieu de vie et de transmission.<\/span><span style=\"font-size: inherit;\">.\u00a0<\/span><\/p>\t\t\t\t\t\t\t\t<\/div>\n\t\t\t\t<\/div>\n\t\t\t\t<div class=\"elementor-element elementor-element-464e704 elementor-widget elementor-widget-button\" data-id=\"464e704\" data-element_type=\"widget\" data-widget_type=\"button.default\">\n\t\t\t\t<div class=\"elementor-widget-container\">\n\t\t\t\t\t\t\t\t\t<div class=\"elementor-button-wrapper\">\n\t\t\t\t\t<a class=\"elementor-button elementor-button-link elementor-size-sm\" href=\"#NotreAtekier\">\n\t\t\t\t\t\t<span class=\"elementor-button-content-wrapper\">\n\t\t\t\t\t\t<span class=\"elementor-button-icon\">\n\t\t\t\t<i aria-hidden=\"true\" class=\"fas fa-angle-right\"><\/i>\t\t\t<\/span>\n\t\t\t\t\t\t\t\t\t<span class=\"elementor-button-text\">en savoir plus<\/span>\n\t\t\t\t\t<\/span>\n\t\t\t\t\t<\/a>\n\t\t\t\t<\/div>\n\t\t\t\t\t\t\t\t<\/div>\n\t\t\t\t<\/div>\n\t\t\t\t\t<\/div>\n\t\t<\/div>\n\t\t\t\t\t<\/div>\n\t\t<\/section>\n\t\t\t\t<section class=\"elementor-section elementor-top-section elementor-element elementor-element-142b321 elementor-section-boxed elementor-section-height-default elementor-section-height-default\" data-id=\"142b321\" data-element_type=\"section\">\n\t\t\t\t\t\t<div class=\"elementor-container elementor-column-gap-default\">\n\t\t\t\t\t<div class=\"elementor-column elementor-col-100 elementor-top-column elementor-element elementor-element-4d75744\" data-id=\"4d75744\" data-element_type=\"column\">\n\t\t\t<div class=\"elementor-widget-wrap elementor-element-populated\">\n\t\t\t\t\t\t<div class=\"elementor-element elementor-element-0a7d402 elementor-widget elementor-widget-spacer\" data-id=\"0a7d402\" data-element_type=\"widget\" data-widget_type=\"spacer.default\">\n\t\t\t\t<div class=\"elementor-widget-container\">\n\t\t\t\t\t\t\t<div class=\"elementor-spacer\">\n\t\t\t<div class=\"elementor-spacer-inner\"><\/div>\n\t\t<\/div>\n\t\t\t\t\t\t<\/div>\n\t\t\t\t<\/div>\n\t\t\t\t\t<\/div>\n\t\t<\/div>\n\t\t\t\t\t<\/div>\n\t\t<\/section>\n\t\t\t\t<section class=\"elementor-section elementor-top-section elementor-element elementor-element-ffa6ec6 elementor-section-boxed elementor-section-height-default elementor-section-height-default\" data-id=\"ffa6ec6\" data-element_type=\"section\">\n\t\t\t\t\t\t<div class=\"elementor-container elementor-column-gap-default\">\n\t\t\t\t\t<div class=\"elementor-column elementor-col-50 elementor-top-column elementor-element elementor-element-c8a2d95\" data-id=\"c8a2d95\" data-element_type=\"column\">\n\t\t\t<div class=\"elementor-widget-wrap elementor-element-populated\">\n\t\t\t\t\t\t<div class=\"elementor-element elementor-element-5a4f13c elementor-widget elementor-widget-heading\" data-id=\"5a4f13c\" data-element_type=\"widget\" data-widget_type=\"heading.default\">\n\t\t\t\t<div class=\"elementor-widget-container\">\n\t\t\t\t\t<h2 class=\"elementor-heading-title elementor-size-default\">L\u2019atelier vivant : Un espace de cr\u00e9ation et de rencontre<\/h2>\t\t\t\t<\/div>\n\t\t\t\t<\/div>\n\t\t\t\t<div class=\"elementor-element elementor-element-a13b529 elementor-widget__width-initial elementor-widget elementor-widget-text-editor\" data-id=\"a13b529\" data-element_type=\"widget\" data-widget_type=\"text-editor.default\">\n\t\t\t\t<div class=\"elementor-widget-container\">\n\t\t\t\t\t\t\t\t\t<p>L\u2019atelier de Lily et Pit est bien plus qu\u2019un simple lieu de production. Il s\u2019agit d\u2019un espace&nbsp;<span style=\"font-size: inherit;\">vivant o\u00f9 se croisent passionn\u00e9s, curieux et amateurs de tissage. Ici, on tisse bien plus que&nbsp;<\/span><span style=\"font-size: inherit;\">des \u00e9toffes, on cr\u00e9e des liens, on transmet des savoirs, on invente de nouvelles fa\u00e7ons de&nbsp;<\/span><span style=\"font-size: inherit;\">travailler la mati\u00e8re.<\/span><\/p>\n<p>L\u2019atelier s\u2019adresse \u00e0 tous : particuliers, groupes, \u00e9coles ou \u00e9tudiants en qu\u00eate d\u2019inspiration.&nbsp;<span style=\"font-size: inherit;\">Lily et Pit proposent des cours individuels ou collectifs, adapt\u00e9s \u00e0 tous les niveaux. Gr\u00e2ce \u00e0&nbsp;<\/span><span style=\"font-size: inherit;\">leur large gamme de m\u00e9tiers \u00e0 tisser, traditionnels ou num\u00e9riques, chacun peut r\u00e9aliser ses&nbsp;<\/span><span style=\"font-size: inherit;\">propres cr\u00e9ations, guid\u00e9 par l\u2019expertise et la bienveillance du couple.&nbsp;<\/span><\/p>\n<p>Les visiteurs sont toujours les bienvenus pour d\u00e9couvrir les collections expos\u00e9es, acheter&nbsp;des pi\u00e8ces uniques ou commander des cr\u00e9ations sur mesure. L\u2019atelier est aussi un lieu&nbsp;d\u2019\u00e9change et de soutien pour la petite communaut\u00e9 des tisserands luxembourgeois, o\u00f9 l\u2019on&nbsp;trouve conseils, mat\u00e9riaux et m\u00eame une plateforme de vente pour les artisans locaux.<\/p>\n<p>Les cours, individuels ou en groupe, permettent de d\u00e9couvrir l\u2019art du tissage et de repartir&nbsp;avec une pi\u00e8ce unique, fabriqu\u00e9e de ses propres mains. L\u2019atelier est aussi un lieu&nbsp;d\u2019exposition et de vente, o\u00f9 l\u2019on peut admirer et acqu\u00e9rir des cr\u00e9ations raffin\u00e9es, toutes&nbsp;certifi\u00e9es authentiques.<\/p>\t\t\t\t\t\t\t\t<\/div>\n\t\t\t\t<\/div>\n\t\t\t\t<div class=\"elementor-element elementor-element-ec4b0a2 elementor-widget elementor-widget-button\" data-id=\"ec4b0a2\" data-element_type=\"widget\" data-widget_type=\"button.default\">\n\t\t\t\t<div class=\"elementor-widget-container\">\n\t\t\t\t\t\t\t\t\t<div class=\"elementor-button-wrapper\">\n\t\t\t\t\t<a class=\"elementor-button elementor-button-link elementor-size-sm\" href=\"#NotreAtekier\">\n\t\t\t\t\t\t<span class=\"elementor-button-content-wrapper\">\n\t\t\t\t\t\t<span class=\"elementor-button-icon\">\n\t\t\t\t<i aria-hidden=\"true\" class=\"fas fa-angle-right\"><\/i>\t\t\t<\/span>\n\t\t\t\t\t\t\t\t\t<span class=\"elementor-button-text\">en savoir plus<\/span>\n\t\t\t\t\t<\/span>\n\t\t\t\t\t<\/a>\n\t\t\t\t<\/div>\n\t\t\t\t\t\t\t\t<\/div>\n\t\t\t\t<\/div>\n\t\t\t\t\t<\/div>\n\t\t<\/div>\n\t\t\t\t<div class=\"elementor-column elementor-col-50 elementor-top-column elementor-element elementor-element-c934777\" data-id=\"c934777\" data-element_type=\"column\">\n\t\t\t<div class=\"elementor-widget-wrap elementor-element-populated\">\n\t\t\t\t\t\t<div class=\"elementor-element elementor-element-6d600d6 elementor-widget elementor-widget-spacer\" data-id=\"6d600d6\" data-element_type=\"widget\" data-widget_type=\"spacer.default\">\n\t\t\t\t<div class=\"elementor-widget-container\">\n\t\t\t\t\t\t\t<div class=\"elementor-spacer\">\n\t\t\t<div class=\"elementor-spacer-inner\"><\/div>\n\t\t<\/div>\n\t\t\t\t\t\t<\/div>\n\t\t\t\t<\/div>\n\t\t\t\t<div class=\"elementor-element elementor-element-67c2224 elementor-widget elementor-widget-image\" data-id=\"67c2224\" data-element_type=\"widget\" data-widget_type=\"image.default\">\n\t\t\t\t<div class=\"elementor-widget-container\">\n\t\t\t\t\t\t\t\t\t\t\t\t\t\t\t<img decoding=\"async\" width=\"1200\" height=\"1600\" src=\"https:\/\/wordpress.weaving.lu\/wordpress\/wp-content\/uploads\/2025\/11\/b29547e5-aeea-47e3-8276-fc651960ae8a.webp\" class=\"attachment-full size-full wp-image-1428\" alt=\"\" srcset=\"https:\/\/wordpress.weaving.lu\/wordpress\/wp-content\/uploads\/2025\/11\/b29547e5-aeea-47e3-8276-fc651960ae8a.webp 1200w, https:\/\/wordpress.weaving.lu\/wordpress\/wp-content\/uploads\/2025\/11\/b29547e5-aeea-47e3-8276-fc651960ae8a-225x300.webp 225w, https:\/\/wordpress.weaving.lu\/wordpress\/wp-content\/uploads\/2025\/11\/b29547e5-aeea-47e3-8276-fc651960ae8a-768x1024.webp 768w, https:\/\/wordpress.weaving.lu\/wordpress\/wp-content\/uploads\/2025\/11\/b29547e5-aeea-47e3-8276-fc651960ae8a-1152x1536.webp 1152w\" sizes=\"(max-width: 1200px) 100vw, 1200px\" \/>\t\t\t\t\t\t\t\t\t\t\t\t\t\t\t<\/div>\n\t\t\t\t<\/div>\n\t\t\t\t\t<\/div>\n\t\t<\/div>\n\t\t\t\t\t<\/div>\n\t\t<\/section>\n\t\t\t\t<section class=\"elementor-section elementor-top-section elementor-element elementor-element-0380e0e elementor-section-boxed elementor-section-height-default elementor-section-height-default\" data-id=\"0380e0e\" data-element_type=\"section\">\n\t\t\t\t\t\t<div class=\"elementor-container elementor-column-gap-default\">\n\t\t\t\t\t<div class=\"elementor-column elementor-col-50 elementor-top-column elementor-element elementor-element-95c56b7\" data-id=\"95c56b7\" data-element_type=\"column\">\n\t\t\t<div class=\"elementor-widget-wrap elementor-element-populated\">\n\t\t\t\t\t\t<div class=\"elementor-element elementor-element-4f75a34 elementor-widget elementor-widget-spacer\" data-id=\"4f75a34\" data-element_type=\"widget\" data-widget_type=\"spacer.default\">\n\t\t\t\t<div class=\"elementor-widget-container\">\n\t\t\t\t\t\t\t<div class=\"elementor-spacer\">\n\t\t\t<div class=\"elementor-spacer-inner\"><\/div>\n\t\t<\/div>\n\t\t\t\t\t\t<\/div>\n\t\t\t\t<\/div>\n\t\t\t\t<div class=\"elementor-element elementor-element-e60a46a elementor-widget elementor-widget-image\" data-id=\"e60a46a\" data-element_type=\"widget\" data-widget_type=\"image.default\">\n\t\t\t\t<div class=\"elementor-widget-container\">\n\t\t\t\t\t\t\t\t\t\t\t\t\t\t\t<img decoding=\"async\" width=\"1920\" height=\"1439\" src=\"https:\/\/wordpress.weaving.lu\/wordpress\/wp-content\/uploads\/2025\/11\/IMG_1406-2.webp\" class=\"attachment-full size-full wp-image-1412\" alt=\"\" srcset=\"https:\/\/wordpress.weaving.lu\/wordpress\/wp-content\/uploads\/2025\/11\/IMG_1406-2.webp 1920w, https:\/\/wordpress.weaving.lu\/wordpress\/wp-content\/uploads\/2025\/11\/IMG_1406-2-300x225.webp 300w, https:\/\/wordpress.weaving.lu\/wordpress\/wp-content\/uploads\/2025\/11\/IMG_1406-2-1024x768.webp 1024w, https:\/\/wordpress.weaving.lu\/wordpress\/wp-content\/uploads\/2025\/11\/IMG_1406-2-768x576.webp 768w, https:\/\/wordpress.weaving.lu\/wordpress\/wp-content\/uploads\/2025\/11\/IMG_1406-2-1536x1151.webp 1536w\" sizes=\"(max-width: 1920px) 100vw, 1920px\" \/>\t\t\t\t\t\t\t\t\t\t\t\t\t\t\t<\/div>\n\t\t\t\t<\/div>\n\t\t\t\t\t<\/div>\n\t\t<\/div>\n\t\t\t\t<div class=\"elementor-column elementor-col-50 elementor-top-column elementor-element elementor-element-7be2c3f\" data-id=\"7be2c3f\" data-element_type=\"column\">\n\t\t\t<div class=\"elementor-widget-wrap elementor-element-populated\">\n\t\t\t\t\t\t<div class=\"elementor-element elementor-element-2dcacfe elementor-widget elementor-widget-heading\" data-id=\"2dcacfe\" data-element_type=\"widget\" data-widget_type=\"heading.default\">\n\t\t\t\t<div class=\"elementor-widget-container\">\n\t\t\t\t\t<h2 class=\"elementor-heading-title elementor-size-default\">Nos cr\u00e9ations : l'excellence du tissage<\/h2>\t\t\t\t<\/div>\n\t\t\t\t<\/div>\n\t\t\t\t<div class=\"elementor-element elementor-element-1bb6d1d elementor-widget elementor-widget-text-editor\" data-id=\"1bb6d1d\" data-element_type=\"widget\" data-widget_type=\"text-editor.default\">\n\t\t\t\t<div class=\"elementor-widget-container\">\n\t\t\t\t\t\t\t\t\t<p>Chaque pi\u00e8ce qui sort de l\u2019atelier de Lily et Pit est le fruit d\u2019un savoir-faire exceptionnel et\u00a0d\u2019un choix exigeant de mat\u00e9riaux naturels et nobles. Ici, tradition et innovation se m\u00ealent\u00a0pour donner naissance \u00e0 des objets uniques, alliant beaut\u00e9 et durabilit\u00e9.<\/p>\t\t\t\t\t\t\t\t<\/div>\n\t\t\t\t<\/div>\n\t\t\t\t<div class=\"elementor-element elementor-element-daee54e elementor-widget elementor-widget-button\" data-id=\"daee54e\" data-element_type=\"widget\" data-widget_type=\"button.default\">\n\t\t\t\t<div class=\"elementor-widget-container\">\n\t\t\t\t\t\t\t\t\t<div class=\"elementor-button-wrapper\">\n\t\t\t\t\t<a class=\"elementor-button elementor-button-link elementor-size-sm\" href=\"#NotreAtekier\">\n\t\t\t\t\t\t<span class=\"elementor-button-content-wrapper\">\n\t\t\t\t\t\t<span class=\"elementor-button-icon\">\n\t\t\t\t<i aria-hidden=\"true\" class=\"fas fa-angle-right\"><\/i>\t\t\t<\/span>\n\t\t\t\t\t\t\t\t\t<span class=\"elementor-button-text\">en savoir plus<\/span>\n\t\t\t\t\t<\/span>\n\t\t\t\t\t<\/a>\n\t\t\t\t<\/div>\n\t\t\t\t\t\t\t\t<\/div>\n\t\t\t\t<\/div>\n\t\t\t\t\t<\/div>\n\t\t<\/div>\n\t\t\t\t\t<\/div>\n\t\t<\/section>\n\t\t\t\t<\/div>\n\t\t","protected":false},"excerpt":{"rendered":"<p>Lily, Pit et l&#8217;aventure du tissage Depuis plus de cinquante ans, l\u2019atelier de tissage de Lily Weisgerber-Peters est un lieu o\u00f9 la\u00a0tradition artisanale rencontre la cr\u00e9ativit\u00e9. N\u00e9e dans une famille de potiers, Lily a grandi\u00a0entour\u00e9e de l\u2019amour du travail manuel et de la beaut\u00e9 des mat\u00e9riaux naturels. C\u2019est dans les\u00a0ann\u00e9es [&hellip;]<\/p>\n","protected":false},"author":1,"featured_media":0,"parent":0,"menu_order":0,"comment_status":"closed","ping_status":"closed","template":"","meta":{"footnotes":""},"class_list":["post-207","page","type-page","status-publish","hentry"],"_links":{"self":[{"href":"https:\/\/wordpress.weaving.lu\/wordpress\/wp-json\/wp\/v2\/pages\/207","targetHints":{"allow":["GET"]}}],"collection":[{"href":"https:\/\/wordpress.weaving.lu\/wordpress\/wp-json\/wp\/v2\/pages"}],"about":[{"href":"https:\/\/wordpress.weaving.lu\/wordpress\/wp-json\/wp\/v2\/types\/page"}],"author":[{"embeddable":true,"href":"https:\/\/wordpress.weaving.lu\/wordpress\/wp-json\/wp\/v2\/users\/1"}],"replies":[{"embeddable":true,"href":"https:\/\/wordpress.weaving.lu\/wordpress\/wp-json\/wp\/v2\/comments?post=207"}],"version-history":[{"count":416,"href":"https:\/\/wordpress.weaving.lu\/wordpress\/wp-json\/wp\/v2\/pages\/207\/revisions"}],"predecessor-version":[{"id":1480,"href":"https:\/\/wordpress.weaving.lu\/wordpress\/wp-json\/wp\/v2\/pages\/207\/revisions\/1480"}],"wp:attachment":[{"href":"https:\/\/wordpress.weaving.lu\/wordpress\/wp-json\/wp\/v2\/media?parent=207"}],"curies":[{"name":"wp","href":"https:\/\/api.w.org\/{rel}","templated":true}]}}